{"id":14263,"date":"2024-08-01T11:25:04","date_gmt":"2024-08-01T09:25:04","guid":{"rendered":"https:\/\/venetoinbicicletta.it\/schotterwege\/"},"modified":"2025-01-28T11:37:25","modified_gmt":"2025-01-28T10:37:25","slug":"schotterwege","status":"publish","type":"page","link":"https:\/\/venetoinbicicletta.it\/de\/schotterwege\/","title":{"rendered":"Schotterwege"},"content":{"rendered":"<div class=\"fusion-fullwidth fullwidth-box fusion-builder-row-1 fusion-flex-container has-pattern-background has-mask-background nonhundred-percent-fullwidth non-hundred-percent-height-scrolling\" style=\"--awb-border-radius-top-left:0px;--awb-border-radius-top-right:0px;--awb-border-radius-bottom-right:0px;--awb-border-radius-bottom-left:0px;--awb-flex-wrap:wrap;\" ><div class=\"fusion-builder-row fusion-row fusion-flex-align-items-flex-start fusion-flex-content-wrap\" style=\"max-width:1414.4px;margin-left: calc(-4% \/ 2 );margin-right: calc(-4% \/ 2 );\"><div class=\"fusion-layout-column fusion_builder_column fusion-builder-column-0 fusion_builder_column_1_1 1_1 fusion-flex-column\" style=\"--awb-bg-size:cover;--awb-width-large:100%;--awb-margin-top-large:0px;--awb-spacing-right-large:1.92%;--awb-margin-bottom-large:20px;--awb-spacing-left-large:1.92%;--awb-width-medium:100%;--awb-order-medium:0;--awb-spacing-right-medium:1.92%;--awb-spacing-left-medium:1.92%;--awb-width-small:100%;--awb-order-small:0;--awb-spacing-right-small:1.92%;--awb-spacing-left-small:1.92%;\"><div class=\"fusion-column-wrapper fusion-column-has-shadow fusion-flex-justify-content-flex-start fusion-content-layout-column\"><div class=\"fusion-title title fusion-title-1 fusion-sep-none fusion-title-text fusion-title-size-one\" style=\"--awb-margin-top-small:10px;--awb-margin-right-small:0px;--awb-margin-bottom-small:10px;--awb-margin-left-small:0px;\"><h1 class=\"fusion-title-heading title-heading-left\" style=\"margin:0;\">Schotterrouten<\/h1><\/div><div class=\"fusion-text fusion-text-1\"><p><strong>Schotterrouten<\/strong> geh\u00f6ren zu den beliebtesten Raderlebnissen f\u00fcr alle, die Abenteuer, Abwechslung und die richtige Mischung aus befestigten und unbefestigten Stra\u00dfen suchen. Hier sind die wichtigsten Merkmale: <\/p>\n<h3><strong>1. Art des Gel\u00e4ndes<\/strong><\/h3>\n<ul>\n<li><strong>Wei\u00dfe Stra\u00dfen:<\/strong> kompakter Schotter, typisch f\u00fcr die italienische Landschaft (wie die ber\u00fchmten toskanischen &#8217;strade bianche&#8216;).<\/li>\n<li><strong>Schotterwege:<\/strong> bewaldete oder l\u00e4ndliche Wege.<\/li>\n<li><strong>Asphalt:<\/strong> Nebenstra\u00dfen mit wenig Verkehr.<\/li>\n<li><strong>Single Track:<\/strong> schmale Abschnitte, \u00e4hnlich wie beim Mountainbiking, aber weniger technisch.<\/li>\n<\/ul>\n<h3><strong>2. Erhebungsprofil<\/strong><\/h3>\n<ul>\n<li>Abwechslungsreiche Routen, oft h\u00fcgelig, mit nicht zu langen, aber manchmal steilen Anstiegen.<\/li>\n<li>Geeignet sowohl f\u00fcr Ebenen mit sanften H\u00fcgeln als auch f\u00fcr bergige und anspruchsvolle Routen.<\/li>\n<\/ul>\n<h3><strong>3. Typ des Fahrrads<\/strong><\/h3>\n<ul>\n<li><strong>Schotterfahrrad:<\/strong> \u00e4hnlich wie ein Rennrad, aber mit einer bequemeren und haltbareren Geometrie.<\/li>\n<li>Breitere Reifen (35-45 mm) f\u00fcr die Bew\u00e4ltigung von Schotter.<\/li>\n<li>Scheibenbremsen f\u00fcr mehr Sicherheit auf wechselnden Untergr\u00fcnden.<\/li>\n<\/ul>\n<h3><strong>4. Fahrpraxis<\/strong><\/h3>\n<ul>\n<li>Erh\u00f6hter Kontakt mit der Natur dank der Routen durch die Landschaft.<\/li>\n<li>Gr\u00f6\u00dfere Autonomie im Vergleich zu klassischen Asphaltstrecken.<\/li>\n<li>Entspanntes Tempo, perfekt f\u00fcr Bikepacking.<\/li>\n<\/ul>\n<h3><strong>5. Empfohlenes Zubeh\u00f6r und Kleidung<\/strong><\/h3>\n<ul>\n<li>Rahmentaschen f\u00fcr Ausr\u00fcstung und Zubeh\u00f6r.<\/li>\n<li>Strapazierf\u00e4hige und bequeme technische Kleidung.<\/li>\n<li>Reparaturset f\u00fcr Missgeschicke in unwegsamem Gel\u00e4nde.<\/li>\n<\/ul>\n<p>M\u00f6chten Sie eine ma\u00dfgeschneiderte Schotterroute oder organisierte Touren entdecken? Machen Sie sich bereit f\u00fcr ein unvergessliches Wochenende voller Abenteuer, \u00dcberraschungen und Momente der puren Entspannung. W\u00e4hlen Sie unsere Radtouren, um abzuschalten und Ihr Leben mit Spannung zu f\u00fcllen!<\/p>\n<\/div><h2 class=\"fusion-nothing-found\">\n<p>Nichts gefunden<\/p>\n<\/h2><\/div><\/div><\/div><\/div>\n","protected":false},"excerpt":{"rendered":"","protected":false},"author":1,"featured_media":0,"parent":0,"menu_order":0,"comment_status":"closed","ping_status":"closed","template":"100-width.php","meta":{"_EventAllDay":false,"_EventTimezone":"","_EventStartDate":"","_EventEndDate":"","_EventStartDateUTC":"","_EventEndDateUTC":"","_EventShowMap":false,"_EventShowMapLink":false,"_EventURL":"","_EventCost":"","_EventCostDescription":"","_EventCurrencySymbol":"","_EventCurrencyCode":"","_EventCurrencyPosition":"","_EventDateTimeSeparator":"","_EventTimeRangeSeparator":"","_EventOrganizerID":[],"_EventVenueID":[],"_OrganizerEmail":"","_OrganizerPhone":"","_OrganizerWebsite":"","_VenueAddress":"","_VenueCity":"","_VenueCountry":"","_VenueProvince":"","_VenueState":"","_VenueZip":"","_VenuePhone":"","_VenueURL":"","_VenueStateProvince":"","_VenueLat":"","_VenueLng":"","_VenueShowMap":false,"_VenueShowMapLink":false,"footnotes":""},"class_list":["post-14263","page","type-page","status-publish","hentry"],"yoast_head":"<!-- This site is optimized with the Yoast SEO plugin v27.2 - https:\/\/yoast.com\/product\/yoast-seo-wordpress\/ -->\n<title>Schotterwege - Veneto in Bicicletta<\/title>\n<meta name=\"description\" content=\"Schotterrouten f\u00fcr Liebhaber dieser Radsportdisziplin, um ohne Wettk\u00e4mpfe die Region Venetien zu besuchen.\" \/>\n<meta name=\"robots\" content=\"index, follow, max-snippet:-1, max-image-preview:large, max-video-preview:-1\" \/>\n<link rel=\"canonical\" href=\"https:\/\/venetoinbicicletta.it\/de\/schotterwege\/\" \/>\n<meta property=\"og:locale\" content=\"de_DE\" \/>\n<meta property=\"og:type\" content=\"article\" \/>\n<meta property=\"og:title\" content=\"Schotterwege - Veneto in Bicicletta\" \/>\n<meta property=\"og:description\" content=\"Schotterrouten f\u00fcr Liebhaber dieser Radsportdisziplin, um ohne Wettk\u00e4mpfe die Region Venetien zu besuchen.\" \/>\n<meta property=\"og:url\" content=\"https:\/\/venetoinbicicletta.it\/de\/schotterwege\/\" \/>\n<meta property=\"og:site_name\" content=\"Veneto in Bicicletta\" \/>\n<meta property=\"article:publisher\" content=\"https:\/\/www.facebook.com\/venicebikeexperience\/\" \/>\n<meta property=\"article:modified_time\" content=\"2025-01-28T10:37:25+00:00\" \/>\n<meta name=\"twitter:card\" content=\"summary_large_image\" \/>\n<meta name=\"twitter:site\" content=\"@venicebikeexp\" \/>\n<meta name=\"twitter:label1\" content=\"Gesch\u00e4tzte Lesezeit\" \/>\n\t<meta name=\"twitter:data1\" content=\"10\u00a0Minuten\" \/>\n<script type=\"application\/ld+json\" class=\"yoast-schema-graph\">{\"@context\":\"https:\/\/schema.org\",\"@graph\":[{\"@type\":\"WebPage\",\"@id\":\"https:\/\/venetoinbicicletta.it\/de\/schotterwege\/\",\"url\":\"https:\/\/venetoinbicicletta.it\/de\/schotterwege\/\",\"name\":\"Schotterwege - Veneto in Bicicletta\",\"isPartOf\":{\"@id\":\"https:\/\/venetoinbicicletta.it\/de\/#website\"},\"datePublished\":\"2024-08-01T09:25:04+00:00\",\"dateModified\":\"2025-01-28T10:37:25+00:00\",\"description\":\"Schotterrouten f\u00fcr Liebhaber dieser Radsportdisziplin, um ohne Wettk\u00e4mpfe die Region Venetien zu besuchen.\",\"inLanguage\":\"de\",\"potentialAction\":[{\"@type\":\"ReadAction\",\"target\":[\"https:\/\/venetoinbicicletta.it\/de\/schotterwege\/\"]}]},{\"@type\":\"WebSite\",\"@id\":\"https:\/\/venetoinbicicletta.it\/de\/#website\",\"url\":\"https:\/\/venetoinbicicletta.it\/de\/\",\"name\":\"Venice Bike Experience\",\"description\":\"\",\"publisher\":{\"@id\":\"https:\/\/venetoinbicicletta.it\/de\/#organization\"},\"potentialAction\":[{\"@type\":\"SearchAction\",\"target\":{\"@type\":\"EntryPoint\",\"urlTemplate\":\"https:\/\/venetoinbicicletta.it\/de\/?s={search_term_string}\"},\"query-input\":{\"@type\":\"PropertyValueSpecification\",\"valueRequired\":true,\"valueName\":\"search_term_string\"}}],\"inLanguage\":\"de\"},{\"@type\":\"Organization\",\"@id\":\"https:\/\/venetoinbicicletta.it\/de\/#organization\",\"name\":\"Venice Bike Experience - Tour Operator\",\"url\":\"https:\/\/venetoinbicicletta.it\/de\/\",\"logo\":{\"@type\":\"ImageObject\",\"inLanguage\":\"de\",\"@id\":\"https:\/\/venetoinbicicletta.it\/de\/#\/schema\/logo\/image\/\",\"url\":\"https:\/\/venetoinbicicletta.it\/wp-content\/uploads\/2022\/11\/LOGO-ORIZZONTALE.png\",\"contentUrl\":\"https:\/\/venetoinbicicletta.it\/wp-content\/uploads\/2022\/11\/LOGO-ORIZZONTALE.png\",\"width\":440,\"height\":168,\"caption\":\"Venice Bike Experience - Tour Operator\"},\"image\":{\"@id\":\"https:\/\/venetoinbicicletta.it\/de\/#\/schema\/logo\/image\/\"},\"sameAs\":[\"https:\/\/www.facebook.com\/venicebikeexperience\/\",\"https:\/\/x.com\/venicebikeexp\",\"https:\/\/www.instagram.com\/venicebikeexperience\/\",\"https:\/\/web.telegram.org\/a\/#-1001980250701\"]}]}<\/script>\n<!-- \/ Yoast SEO plugin. -->","yoast_head_json":{"title":"Schotterwege - Veneto in Bicicletta","description":"Schotterrouten f\u00fcr Liebhaber dieser Radsportdisziplin, um ohne Wettk\u00e4mpfe die Region Venetien zu besuchen.","robots":{"index":"index","follow":"follow","max-snippet":"max-snippet:-1","max-image-preview":"max-image-preview:large","max-video-preview":"max-video-preview:-1"},"canonical":"https:\/\/venetoinbicicletta.it\/de\/schotterwege\/","og_locale":"de_DE","og_type":"article","og_title":"Schotterwege - Veneto in Bicicletta","og_description":"Schotterrouten f\u00fcr Liebhaber dieser Radsportdisziplin, um ohne Wettk\u00e4mpfe die Region Venetien zu besuchen.","og_url":"https:\/\/venetoinbicicletta.it\/de\/schotterwege\/","og_site_name":"Veneto in Bicicletta","article_publisher":"https:\/\/www.facebook.com\/venicebikeexperience\/","article_modified_time":"2025-01-28T10:37:25+00:00","twitter_card":"summary_large_image","twitter_site":"@venicebikeexp","twitter_misc":{"Gesch\u00e4tzte Lesezeit":"10\u00a0Minuten"},"schema":{"@context":"https:\/\/schema.org","@graph":[{"@type":"WebPage","@id":"https:\/\/venetoinbicicletta.it\/de\/schotterwege\/","url":"https:\/\/venetoinbicicletta.it\/de\/schotterwege\/","name":"Schotterwege - Veneto in Bicicletta","isPartOf":{"@id":"https:\/\/venetoinbicicletta.it\/de\/#website"},"datePublished":"2024-08-01T09:25:04+00:00","dateModified":"2025-01-28T10:37:25+00:00","description":"Schotterrouten f\u00fcr Liebhaber dieser Radsportdisziplin, um ohne Wettk\u00e4mpfe die Region Venetien zu besuchen.","inLanguage":"de","potentialAction":[{"@type":"ReadAction","target":["https:\/\/venetoinbicicletta.it\/de\/schotterwege\/"]}]},{"@type":"WebSite","@id":"https:\/\/venetoinbicicletta.it\/de\/#website","url":"https:\/\/venetoinbicicletta.it\/de\/","name":"Venice Bike Experience","description":"","publisher":{"@id":"https:\/\/venetoinbicicletta.it\/de\/#organization"},"potentialAction":[{"@type":"SearchAction","target":{"@type":"EntryPoint","urlTemplate":"https:\/\/venetoinbicicletta.it\/de\/?s={search_term_string}"},"query-input":{"@type":"PropertyValueSpecification","valueRequired":true,"valueName":"search_term_string"}}],"inLanguage":"de"},{"@type":"Organization","@id":"https:\/\/venetoinbicicletta.it\/de\/#organization","name":"Venice Bike Experience - Tour Operator","url":"https:\/\/venetoinbicicletta.it\/de\/","logo":{"@type":"ImageObject","inLanguage":"de","@id":"https:\/\/venetoinbicicletta.it\/de\/#\/schema\/logo\/image\/","url":"https:\/\/venetoinbicicletta.it\/wp-content\/uploads\/2022\/11\/LOGO-ORIZZONTALE.png","contentUrl":"https:\/\/venetoinbicicletta.it\/wp-content\/uploads\/2022\/11\/LOGO-ORIZZONTALE.png","width":440,"height":168,"caption":"Venice Bike Experience - Tour Operator"},"image":{"@id":"https:\/\/venetoinbicicletta.it\/de\/#\/schema\/logo\/image\/"},"sameAs":["https:\/\/www.facebook.com\/venicebikeexperience\/","https:\/\/x.com\/venicebikeexp","https:\/\/www.instagram.com\/venicebikeexperience\/","https:\/\/web.telegram.org\/a\/#-1001980250701"]}]}},"_links":{"self":[{"href":"https:\/\/venetoinbicicletta.it\/de\/wp-json\/wp\/v2\/pages\/14263","targetHints":{"allow":["GET"]}}],"collection":[{"href":"https:\/\/venetoinbicicletta.it\/de\/wp-json\/wp\/v2\/pages"}],"about":[{"href":"https:\/\/venetoinbicicletta.it\/de\/wp-json\/wp\/v2\/types\/page"}],"author":[{"embeddable":true,"href":"https:\/\/venetoinbicicletta.it\/de\/wp-json\/wp\/v2\/users\/1"}],"replies":[{"embeddable":true,"href":"https:\/\/venetoinbicicletta.it\/de\/wp-json\/wp\/v2\/comments?post=14263"}],"version-history":[{"count":10,"href":"https:\/\/venetoinbicicletta.it\/de\/wp-json\/wp\/v2\/pages\/14263\/revisions"}],"predecessor-version":[{"id":14292,"href":"https:\/\/venetoinbicicletta.it\/de\/wp-json\/wp\/v2\/pages\/14263\/revisions\/14292"}],"wp:attachment":[{"href":"https:\/\/venetoinbicicletta.it\/de\/wp-json\/wp\/v2\/media?parent=14263"}],"curies":[{"name":"wp","href":"https:\/\/api.w.org\/{rel}","templated":true}]}}